{"id":12,"date":"2021-12-18T17:44:41","date_gmt":"2021-12-18T17:44:41","guid":{"rendered":"https:\/\/seligra.com.br\/aquarismo\/?page_id=12"},"modified":"2023-02-10T19:06:15","modified_gmt":"2023-02-10T19:06:15","slug":"cursos-de-aquarismo","status":"publish","type":"page","link":"https:\/\/seligra.com.br\/aquarismo\/cursos-de-aquarismo\/","title":{"rendered":"Cursos de aquarismo"},"content":{"rendered":"\n<p style=\"font-size:30px\">Montar um aqu\u00e1rio de R$ 1.000,00 \u00e0 15.000,00 e se frustrar depois de 6 meses por perdas de peixes n\u00e3o \u00e9 nada legal.<\/p>\n\n\n\n<p>Por isso saber o que esta fazendo \u00e9 uma das coisas mais importantes no aquarismo.<\/p>\n\n\n\n<p>Conhecimento nunca \u00e9 demais em nossas vidas.<\/p>\n\n\n\n<p>Entender cada a\u00e7\u00e3o que tomamos \u00e9 muito importante para nossa sa\u00fade assim como as dos peixes.<\/p>\n\n\n\n<p>Para isso voc\u00ea poder\u00e1 comprar conhecimento e velocidade no hobbie<\/p>\n\n\n\n<p class=\"has-medium-font-size\"><\/p>\n\n\n\n<p style=\"font-size:23px\">Deixo aqui os 2 melhores cursos de Aquarismo do mercado.<\/p>\n\n\n\n<div style=\"height:58px\" aria-hidden=\"true\" class=\"wp-block-spacer\"><\/div>\n\n\n\n<p class=\"has-text-align-center\" style=\"font-size:26px\">O CURSO <a href=\"https:\/\/seligra.com.br\/aquarismo\/curso-aquarista-de-sucesso-marcos-alvarenga\/\">Aquarismo sem mist\u00e9rio do <\/a><br><a href=\"https:\/\/seligra.com.br\/aquarismo\/cursoaquariomarcos\">Marcos Alvarenga<\/a><br><\/p>\n\n\n\n<p class=\"has-medium-font-size\">Bi\u00f3logo e Professor apaixonado por aquarismo ele decidiu compartilhar todo seu conhecimento. CLIQUE PARA ASSISTIR<\/p>\n\n\n\n<figure class=\"wp-block-embed is-type-video is-provider-youtube wp-block-embed-youtube wp-embed-aspect-16-9 wp-has-aspect-ratio\"><div class=\"wp-block-embed__wrapper\">\n<iframe title=\"CURSO COMPLETO DE AQUARISMO - AQUARISMO SEM MISTERIO\" width=\"525\" height=\"295\" src=\"https:\/\/www.youtube.com\/embed\/3Y-a9VEmMGg?feature=oembed\" frameborder=\"0\" allow=\"accelerometer; autoplay; clipboard-write; encrypted-media; gyroscope; picture-in-picture; web-share\" referrerpolicy=\"strict-origin-when-cross-origin\" allowfullscreen><\/iframe>\n<\/div><\/figure>\n\n\n\n<h2 class=\"has-text-align-center wp-block-heading\" style=\"font-size:26px\">CHEGOU A HORA DE REALIZAR O SONHO <br>DE SER UM AQUARISTA DE SUCESSO!!!<\/h2>\n\n\n\n<div class=\"wp-block-buttons is-layout-flex wp-block-buttons-is-layout-flex\">\n<div class=\"wp-block-button aligncenter has-custom-font-size has-small-font-size\"><a class=\"wp-block-button__link wp-element-button\" href=\"https:\/\/seligra.com.br\/aquarismo\/curso-aquarista-de-sucesso-marcos-alvarenga\/\">Assista uma AULA GRATUITA &#8211; CLIQUE AQUI<\/a><\/div>\n<\/div>\n\n\n\n<div style=\"height:33px\" aria-hidden=\"true\" class=\"wp-block-spacer\"><\/div>\n\n\n\n<figure class=\"wp-block-image size-full\"><a href=\"https:\/\/seligra.com.br\/aquarismo\/curso-aquarista-de-sucesso-marcos-alvarenga\/\" target=\"_blank\" rel=\"noreferrer noopener\"><img fetchpriority=\"high\" decoding=\"async\" width=\"700\" height=\"680\" src=\"https:\/\/seligra.com.br\/aquarismo\/wp-content\/uploads\/2022\/10\/Marcos-Alvarenga-Aquarismo-sem-misterio2.jpg\" alt=\"Aquarismo sem misterio marcos alvarenga\" class=\"wp-image-121\" srcset=\"https:\/\/seligra.com.br\/aquarismo\/wp-content\/uploads\/2022\/10\/Marcos-Alvarenga-Aquarismo-sem-misterio2.jpg 700w, https:\/\/seligra.com.br\/aquarismo\/wp-content\/uploads\/2022\/10\/Marcos-Alvarenga-Aquarismo-sem-misterio2-300x291.jpg 300w\" sizes=\"(max-width: 700px) 100vw, 700px\" \/><\/a><\/figure>\n\n\n\n<p style=\"font-size:27px\"><\/p>\n\n\n\n<p class=\"has-large-font-size\">E o Curso Os Segredos do Aqu\u00e1rio de \u00c1gua doce do Thiago Cruz<\/p>\n\n\n\n<p><\/p>\n\n\n\n<figure class=\"wp-block-image size-large\"><a href=\"https:\/\/seligra.com.br\/aquarismo\/cursoaquariothiago\" target=\"_blank\" rel=\"noreferrer noopener\"><img decoding=\"async\" width=\"1024\" height=\"536\" src=\"https:\/\/seligra.com.br\/aquarismo\/wp-content\/uploads\/2022\/10\/ESCOLA-DE-AQUARIO-THIAGO-CRUZ-1200-02-web-1024x536.jpg\" alt=\"\" class=\"wp-image-119\" srcset=\"https:\/\/seligra.com.br\/aquarismo\/wp-content\/uploads\/2022\/10\/ESCOLA-DE-AQUARIO-THIAGO-CRUZ-1200-02-web-1024x536.jpg 1024w, https:\/\/seligra.com.br\/aquarismo\/wp-content\/uploads\/2022\/10\/ESCOLA-DE-AQUARIO-THIAGO-CRUZ-1200-02-web-300x157.jpg 300w, https:\/\/seligra.com.br\/aquarismo\/wp-content\/uploads\/2022\/10\/ESCOLA-DE-AQUARIO-THIAGO-CRUZ-1200-02-web-768x402.jpg 768w, https:\/\/seligra.com.br\/aquarismo\/wp-content\/uploads\/2022\/10\/ESCOLA-DE-AQUARIO-THIAGO-CRUZ-1200-02-web.jpg 1199w\" sizes=\"(max-width: 767px) 89vw, (max-width: 1000px) 54vw, (max-width: 1071px) 543px, 580px\" \/><\/a><\/figure>\n\n\n\n<h2 class=\"wp-block-heading\"><a href=\"https:\/\/seligra.com.br\/aquarismo\/cursoaquariothiago\">Os segredos do aqu\u00e1rio de \u00e1gua doce do Thiago Cruz<\/a><br>Ele iniciou sua paix\u00e3o na Loja de sua fam\u00edlia Aquarius Hobby em 1999 e formou-se em medicina veterin\u00e1ria especializando em cria\u00e7\u00e3o de peixes.<\/h2>\n\n\n\n<figure class=\"wp-block-image size-full is-resized\"><a href=\"https:\/\/seligra.com.br\/aquarismo\/cursoaquariothiago\" target=\"_blank\" rel=\"noreferrer noopener\"><img decoding=\"async\" src=\"https:\/\/seligra.com.br\/aquarismo\/wp-content\/uploads\/2022\/08\/acesse-agora-bolo-marrara-bortoloti.png\" alt=\"\" class=\"wp-image-108\" width=\"252\" height=\"84\" srcset=\"https:\/\/seligra.com.br\/aquarismo\/wp-content\/uploads\/2022\/08\/acesse-agora-bolo-marrara-bortoloti.png 568w, https:\/\/seligra.com.br\/aquarismo\/wp-content\/uploads\/2022\/08\/acesse-agora-bolo-marrara-bortoloti-300x100.png 300w\" sizes=\"(max-width: 252px) 100vw, 252px\" \/><\/a><\/figure>\n\n\n\n<p class=\"has-large-font-size\"><\/p>\n","protected":false},"excerpt":{"rendered":"<p>Montar um aqu\u00e1rio de R$ 1.000,00 \u00e0 15.000,00 e se frustrar depois de 6 meses por perdas de peixes n\u00e3o \u00e9 nada legal. Por isso saber o que esta fazendo \u00e9 uma das coisas mais importantes no aquarismo. Conhecimento nunca \u00e9 demais em nossas vidas. Entender cada a\u00e7\u00e3o que tomamos \u00e9 muito importante para nossa &hellip; <\/p>\n<p class=\"link-more\"><a href=\"https:\/\/seligra.com.br\/aquarismo\/cursos-de-aquarismo\/\" class=\"more-link\">Continuar a ler <span class=\"screen-reader-text\">&#8220;Cursos de aquarismo&#8221;<\/span><\/a><\/p>\n","protected":false},"author":1,"featured_media":0,"parent":0,"menu_order":0,"comment_status":"closed","ping_status":"closed","template":"","meta":{"footnotes":""},"class_list":["post-12","page","type-page","status-publish","hentry"],"yoast_head":"<!-- This site is optimized with the Yoast SEO plugin v25.9 - https:\/\/yoast.com\/wordpress\/plugins\/seo\/ -->\n<title>Cursos de aquarismo - Seligra Aquarismo<\/title>\n<meta name=\"description\" content=\"02 dos maiores Cursos de Aquarismo do mercado, o Thiago Cruz e Marcos Alvarenga. Thiago m\u00e9dico veterin\u00e1rio com a Loja Aquarius Hobby e Marcos\" \/>\n<meta name=\"robots\" content=\"index, follow, max-snippet:-1, max-image-preview:large, max-video-preview:-1\" \/>\n<link rel=\"canonical\" href=\"https:\/\/seligra.com.br\/aquarismo\/cursos-de-aquarismo\/\" \/>\n<meta property=\"og:locale\" content=\"pt_PT\" \/>\n<meta property=\"og:type\" content=\"article\" \/>\n<meta property=\"og:title\" content=\"Cursos de aquarismo - Seligra Aquarismo\" \/>\n<meta property=\"og:description\" content=\"02 dos maiores Cursos de Aquarismo do mercado, o Thiago Cruz e Marcos Alvarenga. Thiago m\u00e9dico veterin\u00e1rio com a Loja Aquarius Hobby e Marcos\" \/>\n<meta property=\"og:url\" content=\"https:\/\/seligra.com.br\/aquarismo\/cursos-de-aquarismo\/\" \/>\n<meta property=\"og:site_name\" content=\"Seligra Aquarismo\" \/>\n<meta property=\"article:modified_time\" content=\"2023-02-10T19:06:15+00:00\" \/>\n<meta property=\"og:image\" content=\"https:\/\/seligra.com.br\/aquarismo\/wp-content\/uploads\/2022\/10\/Marcos-Alvarenga-Aquarismo-sem-misterio2.jpg\" \/>\n<meta name=\"twitter:card\" content=\"summary_large_image\" \/>\n<meta name=\"twitter:label1\" content=\"Tempo estimado de leitura\" \/>\n\t<meta name=\"twitter:data1\" content=\"2 minutos\" \/>\n<script type=\"application\/ld+json\" class=\"yoast-schema-graph\">{\"@context\":\"https:\/\/schema.org\",\"@graph\":[{\"@type\":\"WebPage\",\"@id\":\"https:\/\/seligra.com.br\/aquarismo\/cursos-de-aquarismo\/\",\"url\":\"https:\/\/seligra.com.br\/aquarismo\/cursos-de-aquarismo\/\",\"name\":\"Cursos de aquarismo - Seligra Aquarismo\",\"isPartOf\":{\"@id\":\"https:\/\/seligra.com.br\/aquarismo\/#website\"},\"primaryImageOfPage\":{\"@id\":\"https:\/\/seligra.com.br\/aquarismo\/cursos-de-aquarismo\/#primaryimage\"},\"image\":{\"@id\":\"https:\/\/seligra.com.br\/aquarismo\/cursos-de-aquarismo\/#primaryimage\"},\"thumbnailUrl\":\"https:\/\/seligra.com.br\/aquarismo\/wp-content\/uploads\/2022\/10\/Marcos-Alvarenga-Aquarismo-sem-misterio2.jpg\",\"datePublished\":\"2021-12-18T17:44:41+00:00\",\"dateModified\":\"2023-02-10T19:06:15+00:00\",\"description\":\"02 dos maiores Cursos de Aquarismo do mercado, o Thiago Cruz e Marcos Alvarenga. Thiago m\u00e9dico veterin\u00e1rio com a Loja Aquarius Hobby e Marcos\",\"breadcrumb\":{\"@id\":\"https:\/\/seligra.com.br\/aquarismo\/cursos-de-aquarismo\/#breadcrumb\"},\"inLanguage\":\"pt-PT\",\"potentialAction\":[{\"@type\":\"ReadAction\",\"target\":[\"https:\/\/seligra.com.br\/aquarismo\/cursos-de-aquarismo\/\"]}]},{\"@type\":\"ImageObject\",\"inLanguage\":\"pt-PT\",\"@id\":\"https:\/\/seligra.com.br\/aquarismo\/cursos-de-aquarismo\/#primaryimage\",\"url\":\"https:\/\/seligra.com.br\/aquarismo\/wp-content\/uploads\/2022\/10\/Marcos-Alvarenga-Aquarismo-sem-misterio2.jpg\",\"contentUrl\":\"https:\/\/seligra.com.br\/aquarismo\/wp-content\/uploads\/2022\/10\/Marcos-Alvarenga-Aquarismo-sem-misterio2.jpg\",\"width\":700,\"height\":680},{\"@type\":\"BreadcrumbList\",\"@id\":\"https:\/\/seligra.com.br\/aquarismo\/cursos-de-aquarismo\/#breadcrumb\",\"itemListElement\":[{\"@type\":\"ListItem\",\"position\":1,\"name\":\"In\u00edcio\",\"item\":\"https:\/\/seligra.com.br\/aquarismo\/\"},{\"@type\":\"ListItem\",\"position\":2,\"name\":\"Cursos de aquarismo\"}]},{\"@type\":\"WebSite\",\"@id\":\"https:\/\/seligra.com.br\/aquarismo\/#website\",\"url\":\"https:\/\/seligra.com.br\/aquarismo\/\",\"name\":\"Seligra Aquarismo\",\"description\":\"Aquarioterapia\",\"potentialAction\":[{\"@type\":\"SearchAction\",\"target\":{\"@type\":\"EntryPoint\",\"urlTemplate\":\"https:\/\/seligra.com.br\/aquarismo\/?s={search_term_string}\"},\"query-input\":{\"@type\":\"PropertyValueSpecification\",\"valueRequired\":true,\"valueName\":\"search_term_string\"}}],\"inLanguage\":\"pt-PT\"}]}<\/script>\n<!-- \/ Yoast SEO plugin. -->","yoast_head_json":{"title":"Cursos de aquarismo - Seligra Aquarismo","description":"02 dos maiores Cursos de Aquarismo do mercado, o Thiago Cruz e Marcos Alvarenga. Thiago m\u00e9dico veterin\u00e1rio com a Loja Aquarius Hobby e Marcos","robots":{"index":"index","follow":"follow","max-snippet":"max-snippet:-1","max-image-preview":"max-image-preview:large","max-video-preview":"max-video-preview:-1"},"canonical":"https:\/\/seligra.com.br\/aquarismo\/cursos-de-aquarismo\/","og_locale":"pt_PT","og_type":"article","og_title":"Cursos de aquarismo - Seligra Aquarismo","og_description":"02 dos maiores Cursos de Aquarismo do mercado, o Thiago Cruz e Marcos Alvarenga. Thiago m\u00e9dico veterin\u00e1rio com a Loja Aquarius Hobby e Marcos","og_url":"https:\/\/seligra.com.br\/aquarismo\/cursos-de-aquarismo\/","og_site_name":"Seligra Aquarismo","article_modified_time":"2023-02-10T19:06:15+00:00","og_image":[{"url":"https:\/\/seligra.com.br\/aquarismo\/wp-content\/uploads\/2022\/10\/Marcos-Alvarenga-Aquarismo-sem-misterio2.jpg","type":"","width":"","height":""}],"twitter_card":"summary_large_image","twitter_misc":{"Tempo estimado de leitura":"2 minutos"},"schema":{"@context":"https:\/\/schema.org","@graph":[{"@type":"WebPage","@id":"https:\/\/seligra.com.br\/aquarismo\/cursos-de-aquarismo\/","url":"https:\/\/seligra.com.br\/aquarismo\/cursos-de-aquarismo\/","name":"Cursos de aquarismo - Seligra Aquarismo","isPartOf":{"@id":"https:\/\/seligra.com.br\/aquarismo\/#website"},"primaryImageOfPage":{"@id":"https:\/\/seligra.com.br\/aquarismo\/cursos-de-aquarismo\/#primaryimage"},"image":{"@id":"https:\/\/seligra.com.br\/aquarismo\/cursos-de-aquarismo\/#primaryimage"},"thumbnailUrl":"https:\/\/seligra.com.br\/aquarismo\/wp-content\/uploads\/2022\/10\/Marcos-Alvarenga-Aquarismo-sem-misterio2.jpg","datePublished":"2021-12-18T17:44:41+00:00","dateModified":"2023-02-10T19:06:15+00:00","description":"02 dos maiores Cursos de Aquarismo do mercado, o Thiago Cruz e Marcos Alvarenga. Thiago m\u00e9dico veterin\u00e1rio com a Loja Aquarius Hobby e Marcos","breadcrumb":{"@id":"https:\/\/seligra.com.br\/aquarismo\/cursos-de-aquarismo\/#breadcrumb"},"inLanguage":"pt-PT","potentialAction":[{"@type":"ReadAction","target":["https:\/\/seligra.com.br\/aquarismo\/cursos-de-aquarismo\/"]}]},{"@type":"ImageObject","inLanguage":"pt-PT","@id":"https:\/\/seligra.com.br\/aquarismo\/cursos-de-aquarismo\/#primaryimage","url":"https:\/\/seligra.com.br\/aquarismo\/wp-content\/uploads\/2022\/10\/Marcos-Alvarenga-Aquarismo-sem-misterio2.jpg","contentUrl":"https:\/\/seligra.com.br\/aquarismo\/wp-content\/uploads\/2022\/10\/Marcos-Alvarenga-Aquarismo-sem-misterio2.jpg","width":700,"height":680},{"@type":"BreadcrumbList","@id":"https:\/\/seligra.com.br\/aquarismo\/cursos-de-aquarismo\/#breadcrumb","itemListElement":[{"@type":"ListItem","position":1,"name":"In\u00edcio","item":"https:\/\/seligra.com.br\/aquarismo\/"},{"@type":"ListItem","position":2,"name":"Cursos de aquarismo"}]},{"@type":"WebSite","@id":"https:\/\/seligra.com.br\/aquarismo\/#website","url":"https:\/\/seligra.com.br\/aquarismo\/","name":"Seligra Aquarismo","description":"Aquarioterapia","potentialAction":[{"@type":"SearchAction","target":{"@type":"EntryPoint","urlTemplate":"https:\/\/seligra.com.br\/aquarismo\/?s={search_term_string}"},"query-input":{"@type":"PropertyValueSpecification","valueRequired":true,"valueName":"search_term_string"}}],"inLanguage":"pt-PT"}]}},"_links":{"self":[{"href":"https:\/\/seligra.com.br\/aquarismo\/wp-json\/wp\/v2\/pages\/12","targetHints":{"allow":["GET"]}}],"collection":[{"href":"https:\/\/seligra.com.br\/aquarismo\/wp-json\/wp\/v2\/pages"}],"about":[{"href":"https:\/\/seligra.com.br\/aquarismo\/wp-json\/wp\/v2\/types\/page"}],"author":[{"embeddable":true,"href":"https:\/\/seligra.com.br\/aquarismo\/wp-json\/wp\/v2\/users\/1"}],"replies":[{"embeddable":true,"href":"https:\/\/seligra.com.br\/aquarismo\/wp-json\/wp\/v2\/comments?post=12"}],"version-history":[{"count":19,"href":"https:\/\/seligra.com.br\/aquarismo\/wp-json\/wp\/v2\/pages\/12\/revisions"}],"predecessor-version":[{"id":182,"href":"https:\/\/seligra.com.br\/aquarismo\/wp-json\/wp\/v2\/pages\/12\/revisions\/182"}],"wp:attachment":[{"href":"https:\/\/seligra.com.br\/aquarismo\/wp-json\/wp\/v2\/media?parent=12"}],"curies":[{"name":"wp","href":"https:\/\/api.w.org\/{rel}","templated":true}]}}