{"id":9,"date":"2021-12-18T17:44:41","date_gmt":"2021-12-18T17:44:41","guid":{"rendered":"https:\/\/seligra.com.br\/aquarismo\/?page_id=9"},"modified":"2021-12-25T14:14:47","modified_gmt":"2021-12-25T14:14:47","slug":"sobre","status":"publish","type":"page","link":"https:\/\/seligra.com.br\/aquarismo\/sobre\/","title":{"rendered":"Sobre"},"content":{"rendered":"\n<p>Meus aqu\u00e1rios e minha trajet\u00f3ria no mundo do aquarismo.<\/p>\n\n\n\n<p>Tive aqu\u00e1rio quando era jovem dos 14 aos 22 anos mais ou menos. Eram filtros de fundo ainda com bombas de ar. E muitas vezes deram muito certo.<\/p>\n\n\n\n<p>J\u00e1 tive cicl\u00eddios africanos, guppies, zebr\u00e3o, oscar, gold fish entre outros&#8230; <\/p>\n\n\n\n<p>E voltando agora com 42 anos de idade vi que todo dia estamos aprendendo.<\/p>\n\n\n\n<p>Espero que gostem do meu blog e se precisar pode falar aqui pelos coment\u00e1rios que retorno assim que poss\u00edvel.<\/p>\n","protected":false},"excerpt":{"rendered":"<p>Meus aqu\u00e1rios e minha trajet\u00f3ria no mundo do aquarismo. Tive aqu\u00e1rio quando era jovem dos 14 aos 22 anos mais ou menos. Eram filtros de fundo ainda com bombas de ar. E muitas vezes deram muito certo. J\u00e1 tive cicl\u00eddios africanos, guppies, zebr\u00e3o, oscar, gold fish entre outros&#8230; E voltando agora com 42 anos de &hellip; <\/p>\n<p class=\"link-more\"><a href=\"https:\/\/seligra.com.br\/aquarismo\/sobre\/\" class=\"more-link\">Continuar a ler <span class=\"screen-reader-text\">&#8220;Sobre&#8221;<\/span><\/a><\/p>\n","protected":false},"author":1,"featured_media":79,"parent":0,"menu_order":0,"comment_status":"closed","ping_status":"closed","template":"","meta":{"footnotes":""},"class_list":["post-9","page","type-page","status-publish","has-post-thumbnail","hentry"],"yoast_head":"<!-- This site is optimized with the Yoast SEO plugin v25.9 - https:\/\/yoast.com\/wordpress\/plugins\/seo\/ -->\n<title>Sobre - Seligra Aquarismo<\/title>\n<meta name=\"robots\" content=\"index, follow, max-snippet:-1, max-image-preview:large, max-video-preview:-1\" \/>\n<link rel=\"canonical\" href=\"https:\/\/seligra.com.br\/aquarismo\/sobre\/\" \/>\n<meta property=\"og:locale\" content=\"pt_PT\" \/>\n<meta property=\"og:type\" content=\"article\" \/>\n<meta property=\"og:title\" content=\"Sobre - Seligra Aquarismo\" \/>\n<meta property=\"og:description\" content=\"Meus aqu\u00e1rios e minha trajet\u00f3ria no mundo do aquarismo. Tive aqu\u00e1rio quando era jovem dos 14 aos 22 anos mais ou menos. Eram filtros de fundo ainda com bombas de ar. E muitas vezes deram muito certo. J\u00e1 tive cicl\u00eddios africanos, guppies, zebr\u00e3o, oscar, gold fish entre outros&#8230; E voltando agora com 42 anos de &hellip; Continuar a ler &quot;Sobre&quot;\" \/>\n<meta property=\"og:url\" content=\"https:\/\/seligra.com.br\/aquarismo\/sobre\/\" \/>\n<meta property=\"og:site_name\" content=\"Seligra Aquarismo\" \/>\n<meta property=\"article:modified_time\" content=\"2021-12-25T14:14:47+00:00\" \/>\n<meta property=\"og:image\" content=\"https:\/\/seligra.com.br\/aquarismo\/wp-content\/uploads\/2021\/12\/guppies-peixe-2.jpg\" \/>\n\t<meta property=\"og:image:width\" content=\"1280\" \/>\n\t<meta property=\"og:image:height\" content=\"710\" \/>\n\t<meta property=\"og:image:type\" content=\"image\/jpeg\" \/>\n<meta name=\"twitter:card\" content=\"summary_large_image\" \/>\n<meta name=\"twitter:label1\" content=\"Tempo estimado de leitura\" \/>\n\t<meta name=\"twitter:data1\" content=\"1 minuto\" \/>\n<script type=\"application\/ld+json\" class=\"yoast-schema-graph\">{\"@context\":\"https:\/\/schema.org\",\"@graph\":[{\"@type\":\"WebPage\",\"@id\":\"https:\/\/seligra.com.br\/aquarismo\/sobre\/\",\"url\":\"https:\/\/seligra.com.br\/aquarismo\/sobre\/\",\"name\":\"Sobre - Seligra Aquarismo\",\"isPartOf\":{\"@id\":\"https:\/\/seligra.com.br\/aquarismo\/#website\"},\"primaryImageOfPage\":{\"@id\":\"https:\/\/seligra.com.br\/aquarismo\/sobre\/#primaryimage\"},\"image\":{\"@id\":\"https:\/\/seligra.com.br\/aquarismo\/sobre\/#primaryimage\"},\"thumbnailUrl\":\"https:\/\/seligra.com.br\/aquarismo\/wp-content\/uploads\/2021\/12\/guppies-peixe-2.jpg\",\"datePublished\":\"2021-12-18T17:44:41+00:00\",\"dateModified\":\"2021-12-25T14:14:47+00:00\",\"breadcrumb\":{\"@id\":\"https:\/\/seligra.com.br\/aquarismo\/sobre\/#breadcrumb\"},\"inLanguage\":\"pt-PT\",\"potentialAction\":[{\"@type\":\"ReadAction\",\"target\":[\"https:\/\/seligra.com.br\/aquarismo\/sobre\/\"]}]},{\"@type\":\"ImageObject\",\"inLanguage\":\"pt-PT\",\"@id\":\"https:\/\/seligra.com.br\/aquarismo\/sobre\/#primaryimage\",\"url\":\"https:\/\/seligra.com.br\/aquarismo\/wp-content\/uploads\/2021\/12\/guppies-peixe-2.jpg\",\"contentUrl\":\"https:\/\/seligra.com.br\/aquarismo\/wp-content\/uploads\/2021\/12\/guppies-peixe-2.jpg\",\"width\":1280,\"height\":710},{\"@type\":\"BreadcrumbList\",\"@id\":\"https:\/\/seligra.com.br\/aquarismo\/sobre\/#breadcrumb\",\"itemListElement\":[{\"@type\":\"ListItem\",\"position\":1,\"name\":\"In\u00edcio\",\"item\":\"https:\/\/seligra.com.br\/aquarismo\/\"},{\"@type\":\"ListItem\",\"position\":2,\"name\":\"Sobre\"}]},{\"@type\":\"WebSite\",\"@id\":\"https:\/\/seligra.com.br\/aquarismo\/#website\",\"url\":\"https:\/\/seligra.com.br\/aquarismo\/\",\"name\":\"Seligra Aquarismo\",\"description\":\"Aquarioterapia\",\"potentialAction\":[{\"@type\":\"SearchAction\",\"target\":{\"@type\":\"EntryPoint\",\"urlTemplate\":\"https:\/\/seligra.com.br\/aquarismo\/?s={search_term_string}\"},\"query-input\":{\"@type\":\"PropertyValueSpecification\",\"valueRequired\":true,\"valueName\":\"search_term_string\"}}],\"inLanguage\":\"pt-PT\"}]}<\/script>\n<!-- \/ Yoast SEO plugin. -->","yoast_head_json":{"title":"Sobre - Seligra Aquarismo","robots":{"index":"index","follow":"follow","max-snippet":"max-snippet:-1","max-image-preview":"max-image-preview:large","max-video-preview":"max-video-preview:-1"},"canonical":"https:\/\/seligra.com.br\/aquarismo\/sobre\/","og_locale":"pt_PT","og_type":"article","og_title":"Sobre - Seligra Aquarismo","og_description":"Meus aqu\u00e1rios e minha trajet\u00f3ria no mundo do aquarismo. Tive aqu\u00e1rio quando era jovem dos 14 aos 22 anos mais ou menos. Eram filtros de fundo ainda com bombas de ar. E muitas vezes deram muito certo. J\u00e1 tive cicl\u00eddios africanos, guppies, zebr\u00e3o, oscar, gold fish entre outros&#8230; E voltando agora com 42 anos de &hellip; Continuar a ler \"Sobre\"","og_url":"https:\/\/seligra.com.br\/aquarismo\/sobre\/","og_site_name":"Seligra Aquarismo","article_modified_time":"2021-12-25T14:14:47+00:00","og_image":[{"width":1280,"height":710,"url":"https:\/\/seligra.com.br\/aquarismo\/wp-content\/uploads\/2021\/12\/guppies-peixe-2.jpg","type":"image\/jpeg"}],"twitter_card":"summary_large_image","twitter_misc":{"Tempo estimado de leitura":"1 minuto"},"schema":{"@context":"https:\/\/schema.org","@graph":[{"@type":"WebPage","@id":"https:\/\/seligra.com.br\/aquarismo\/sobre\/","url":"https:\/\/seligra.com.br\/aquarismo\/sobre\/","name":"Sobre - Seligra Aquarismo","isPartOf":{"@id":"https:\/\/seligra.com.br\/aquarismo\/#website"},"primaryImageOfPage":{"@id":"https:\/\/seligra.com.br\/aquarismo\/sobre\/#primaryimage"},"image":{"@id":"https:\/\/seligra.com.br\/aquarismo\/sobre\/#primaryimage"},"thumbnailUrl":"https:\/\/seligra.com.br\/aquarismo\/wp-content\/uploads\/2021\/12\/guppies-peixe-2.jpg","datePublished":"2021-12-18T17:44:41+00:00","dateModified":"2021-12-25T14:14:47+00:00","breadcrumb":{"@id":"https:\/\/seligra.com.br\/aquarismo\/sobre\/#breadcrumb"},"inLanguage":"pt-PT","potentialAction":[{"@type":"ReadAction","target":["https:\/\/seligra.com.br\/aquarismo\/sobre\/"]}]},{"@type":"ImageObject","inLanguage":"pt-PT","@id":"https:\/\/seligra.com.br\/aquarismo\/sobre\/#primaryimage","url":"https:\/\/seligra.com.br\/aquarismo\/wp-content\/uploads\/2021\/12\/guppies-peixe-2.jpg","contentUrl":"https:\/\/seligra.com.br\/aquarismo\/wp-content\/uploads\/2021\/12\/guppies-peixe-2.jpg","width":1280,"height":710},{"@type":"BreadcrumbList","@id":"https:\/\/seligra.com.br\/aquarismo\/sobre\/#breadcrumb","itemListElement":[{"@type":"ListItem","position":1,"name":"In\u00edcio","item":"https:\/\/seligra.com.br\/aquarismo\/"},{"@type":"ListItem","position":2,"name":"Sobre"}]},{"@type":"WebSite","@id":"https:\/\/seligra.com.br\/aquarismo\/#website","url":"https:\/\/seligra.com.br\/aquarismo\/","name":"Seligra Aquarismo","description":"Aquarioterapia","potentialAction":[{"@type":"SearchAction","target":{"@type":"EntryPoint","urlTemplate":"https:\/\/seligra.com.br\/aquarismo\/?s={search_term_string}"},"query-input":{"@type":"PropertyValueSpecification","valueRequired":true,"valueName":"search_term_string"}}],"inLanguage":"pt-PT"}]}},"_links":{"self":[{"href":"https:\/\/seligra.com.br\/aquarismo\/wp-json\/wp\/v2\/pages\/9","targetHints":{"allow":["GET"]}}],"collection":[{"href":"https:\/\/seligra.com.br\/aquarismo\/wp-json\/wp\/v2\/pages"}],"about":[{"href":"https:\/\/seligra.com.br\/aquarismo\/wp-json\/wp\/v2\/types\/page"}],"author":[{"embeddable":true,"href":"https:\/\/seligra.com.br\/aquarismo\/wp-json\/wp\/v2\/users\/1"}],"replies":[{"embeddable":true,"href":"https:\/\/seligra.com.br\/aquarismo\/wp-json\/wp\/v2\/comments?post=9"}],"version-history":[{"count":2,"href":"https:\/\/seligra.com.br\/aquarismo\/wp-json\/wp\/v2\/pages\/9\/revisions"}],"predecessor-version":[{"id":80,"href":"https:\/\/seligra.com.br\/aquarismo\/wp-json\/wp\/v2\/pages\/9\/revisions\/80"}],"wp:featuredmedia":[{"embeddable":true,"href":"https:\/\/seligra.com.br\/aquarismo\/wp-json\/wp\/v2\/media\/79"}],"wp:attachment":[{"href":"https:\/\/seligra.com.br\/aquarismo\/wp-json\/wp\/v2\/media?parent=9"}],"curies":[{"name":"wp","href":"https:\/\/api.w.org\/{rel}","templated":true}]}}