{"id":2,"date":"2021-02-01T14:35:43","date_gmt":"2021-02-01T14:35:43","guid":{"rendered":"https:\/\/seligra.com.br\/google\/?page_id=2"},"modified":"2021-02-01T23:10:11","modified_gmt":"2021-02-01T23:10:11","slug":"contato-redes-sociais","status":"publish","type":"page","link":"https:\/\/seligra.com.br\/google\/contato-redes-sociais\/","title":{"rendered":"Contato | Redes Sociais"},"content":{"rendered":"\n<p>Criei um GRUPO no Whatsapp para <strong>D\u00daVIDAS em grupo<\/strong>. <\/p>\n\n\n\n<p>Ahhh mas por qu\u00ea em grupo? Pois uma d\u00favida individual leva a outra, e mais outra, e com isso acaba se tornando uma MENTORIA.  <\/p>\n\n\n\n<blockquote class=\"wp-block-quote is-layout-flow wp-block-quote-is-layout-flow\"><p>*evitem postar mensagens como:<br>&#8211; Bom dia Grupo! <br>&#8211; Ou mensagens fora do CONTEXTO <br><strong>(somente GOOGLE ADS PARA empreendedores)<\/strong><\/p><\/blockquote>\n\n\n\n<figure class=\"wp-block-image size-large\"><a href=\"https:\/\/chat.whatsapp.com\/E2bnVUJRFfaJnftUDP92RB\" target=\"_blank\" rel=\"noopener\"><img fetchpriority=\"high\" decoding=\"async\" width=\"1024\" height=\"262\" src=\"https:\/\/seligra.com.br\/google\/wp-content\/uploads\/2021\/02\/grupo-google-ads-fabio-seligra-2-1024x262.png\" alt=\"\" class=\"wp-image-95\" srcset=\"https:\/\/seligra.com.br\/google\/wp-content\/uploads\/2021\/02\/grupo-google-ads-fabio-seligra-2-1024x262.png 1024w, https:\/\/seligra.com.br\/google\/wp-content\/uploads\/2021\/02\/grupo-google-ads-fabio-seligra-2-300x77.png 300w, https:\/\/seligra.com.br\/google\/wp-content\/uploads\/2021\/02\/grupo-google-ads-fabio-seligra-2-768x196.png 768w, https:\/\/seligra.com.br\/google\/wp-content\/uploads\/2021\/02\/grupo-google-ads-fabio-seligra-2-1536x393.png 1536w, https:\/\/seligra.com.br\/google\/wp-content\/uploads\/2021\/02\/grupo-google-ads-fabio-seligra-2-2048x524.png 2048w\" sizes=\"(max-width: 1024px) 100vw, 1024px\" \/><\/a><\/figure>\n\n\n\n<blockquote class=\"wp-block-quote is-layout-flow wp-block-quote-is-layout-flow\"><p>Meu instagram:<\/p><p><\/p><\/blockquote>\n\n\n\n<figure class=\"wp-block-image size-large\"><a href=\"https:\/\/www.instagram.com\/seligrafabio\" target=\"_blank\" rel=\"noopener\"><img decoding=\"async\" width=\"1024\" height=\"257\" src=\"https:\/\/seligra.com.br\/google\/wp-content\/uploads\/2021\/02\/instagram-seligrafabio-1024x257.png\" alt=\"\" class=\"wp-image-96\" srcset=\"https:\/\/seligra.com.br\/google\/wp-content\/uploads\/2021\/02\/instagram-seligrafabio-1024x257.png 1024w, https:\/\/seligra.com.br\/google\/wp-content\/uploads\/2021\/02\/instagram-seligrafabio-300x75.png 300w, https:\/\/seligra.com.br\/google\/wp-content\/uploads\/2021\/02\/instagram-seligrafabio-768x193.png 768w, https:\/\/seligra.com.br\/google\/wp-content\/uploads\/2021\/02\/instagram-seligrafabio-1536x386.png 1536w, https:\/\/seligra.com.br\/google\/wp-content\/uploads\/2021\/02\/instagram-seligrafabio-2048x515.png 2048w\" sizes=\"(max-width: 1024px) 100vw, 1024px\" \/><\/a><\/figure>\n\n\n\n<figure class=\"wp-block-image size-large\"><a href=\"https:\/\/www.instagram.com\/formato8\/\" target=\"_blank\" rel=\"noopener\"><img decoding=\"async\" width=\"1024\" height=\"257\" src=\"https:\/\/seligra.com.br\/google\/wp-content\/uploads\/2021\/02\/instagram-formato8-1024x257.png\" alt=\"\" class=\"wp-image-97\" srcset=\"https:\/\/seligra.com.br\/google\/wp-content\/uploads\/2021\/02\/instagram-formato8-1024x257.png 1024w, https:\/\/seligra.com.br\/google\/wp-content\/uploads\/2021\/02\/instagram-formato8-300x75.png 300w, https:\/\/seligra.com.br\/google\/wp-content\/uploads\/2021\/02\/instagram-formato8-768x193.png 768w, https:\/\/seligra.com.br\/google\/wp-content\/uploads\/2021\/02\/instagram-formato8-1536x386.png 1536w, https:\/\/seligra.com.br\/google\/wp-content\/uploads\/2021\/02\/instagram-formato8-2048x515.png 2048w\" sizes=\"(max-width: 1024px) 100vw, 1024px\" \/><\/a><\/figure>\n<div class=\"pvc_clear\"><\/div><p id=\"pvc_stats_2\" class=\"pvc_stats all  \" data-element-id=\"2\" style=\"\"><i class=\"pvc-stats-icon medium\" aria-hidden=\"true\"><svg aria-hidden=\"true\" focusable=\"false\" data-prefix=\"far\" data-icon=\"chart-bar\" role=\"img\" xmlns=\"http:\/\/www.w3.org\/2000\/svg\" viewBox=\"0 0 512 512\" class=\"svg-inline--fa fa-chart-bar fa-w-16 fa-2x\"><path fill=\"currentColor\" d=\"M396.8 352h22.4c6.4 0 12.8-6.4 12.8-12.8V108.8c0-6.4-6.4-12.8-12.8-12.8h-22.4c-6.4 0-12.8 6.4-12.8 12.8v230.4c0 6.4 6.4 12.8 12.8 12.8zm-192 0h22.4c6.4 0 12.8-6.4 12.8-12.8V140.8c0-6.4-6.4-12.8-12.8-12.8h-22.4c-6.4 0-12.8 6.4-12.8 12.8v198.4c0 6.4 6.4 12.8 12.8 12.8zm96 0h22.4c6.4 0 12.8-6.4 12.8-12.8V204.8c0-6.4-6.4-12.8-12.8-12.8h-22.4c-6.4 0-12.8 6.4-12.8 12.8v134.4c0 6.4 6.4 12.8 12.8 12.8zM496 400H48V80c0-8.84-7.16-16-16-16H16C7.16 64 0 71.16 0 80v336c0 17.67 14.33 32 32 32h464c8.84 0 16-7.16 16-16v-16c0-8.84-7.16-16-16-16zm-387.2-48h22.4c6.4 0 12.8-6.4 12.8-12.8v-70.4c0-6.4-6.4-12.8-12.8-12.8h-22.4c-6.4 0-12.8 6.4-12.8 12.8v70.4c0 6.4 6.4 12.8 12.8 12.8z\" class=\"\"><\/path><\/svg><\/i> <img loading=\"lazy\" decoding=\"async\" width=\"16\" height=\"16\" alt=\"Loading\" src=\"https:\/\/seligra.com.br\/google\/wp-content\/plugins\/page-views-count\/ajax-loader-2x.gif\" border=0 \/><\/p><div class=\"pvc_clear\"><\/div>","protected":false},"excerpt":{"rendered":"<p>Criei um GRUPO no Whatsapp para D\u00daVIDAS em grupo. Ahhh mas por qu\u00ea em grupo? Pois uma d\u00favida individual leva a outra, e mais outra, e com isso acaba se tornando uma MENTORIA. *evitem postar mensagens como:&#8211; Bom dia Grupo! &#8211; Ou mensagens fora do CONTEXTO (somente GOOGLE ADS PARA empreendedores) Meu instagram:<\/p>\n<div class=\"pvc_clear\"><\/div>\n<p id=\"pvc_stats_2\" class=\"pvc_stats all  \" data-element-id=\"2\" style=\"\"><i class=\"pvc-stats-icon medium\" aria-hidden=\"true\"><svg aria-hidden=\"true\" focusable=\"false\" data-prefix=\"far\" data-icon=\"chart-bar\" role=\"img\" xmlns=\"http:\/\/www.w3.org\/2000\/svg\" viewBox=\"0 0 512 512\" class=\"svg-inline--fa fa-chart-bar fa-w-16 fa-2x\"><path fill=\"currentColor\" d=\"M396.8 352h22.4c6.4 0 12.8-6.4 12.8-12.8V108.8c0-6.4-6.4-12.8-12.8-12.8h-22.4c-6.4 0-12.8 6.4-12.8 12.8v230.4c0 6.4 6.4 12.8 12.8 12.8zm-192 0h22.4c6.4 0 12.8-6.4 12.8-12.8V140.8c0-6.4-6.4-12.8-12.8-12.8h-22.4c-6.4 0-12.8 6.4-12.8 12.8v198.4c0 6.4 6.4 12.8 12.8 12.8zm96 0h22.4c6.4 0 12.8-6.4 12.8-12.8V204.8c0-6.4-6.4-12.8-12.8-12.8h-22.4c-6.4 0-12.8 6.4-12.8 12.8v134.4c0 6.4 6.4 12.8 12.8 12.8zM496 400H48V80c0-8.84-7.16-16-16-16H16C7.16 64 0 71.16 0 80v336c0 17.67 14.33 32 32 32h464c8.84 0 16-7.16 16-16v-16c0-8.84-7.16-16-16-16zm-387.2-48h22.4c6.4 0 12.8-6.4 12.8-12.8v-70.4c0-6.4-6.4-12.8-12.8-12.8h-22.4c-6.4 0-12.8 6.4-12.8 12.8v70.4c0 6.4 6.4 12.8 12.8 12.8z\" class=\"\"><\/path><\/svg><\/i> <img loading=\"lazy\" decoding=\"async\" width=\"16\" height=\"16\" alt=\"Loading\" src=\"https:\/\/seligra.com.br\/google\/wp-content\/plugins\/page-views-count\/ajax-loader-2x.gif\" border=0 \/><\/p>\n<div class=\"pvc_clear\"><\/div>\n","protected":false},"author":2,"featured_media":0,"parent":0,"menu_order":0,"comment_status":"closed","ping_status":"open","template":"","meta":{"neve_meta_sidebar":"","neve_meta_container":"","neve_meta_enable_content_width":"","neve_meta_content_width":0,"neve_meta_title_alignment":"","neve_meta_author_avatar":"","neve_post_elements_order":"","neve_meta_disable_header":"","neve_meta_disable_footer":"","neve_meta_disable_title":"","_joinchat":[],"footnotes":""},"class_list":["post-2","page","type-page","status-publish","hentry"],"yoast_head":"<!-- This site is optimized with the Yoast SEO plugin v26.8 - https:\/\/yoast.com\/product\/yoast-seo-wordpress\/ -->\n<title>Contato | Redes Sociais - F\u00e1bio SELIGRA<\/title>\n<meta name=\"robots\" content=\"index, follow, max-snippet:-1, max-image-preview:large, max-video-preview:-1\" \/>\n<link rel=\"canonical\" href=\"https:\/\/seligra.com.br\/google\/contato-redes-sociais\/\" \/>\n<meta property=\"og:locale\" content=\"pt_PT\" \/>\n<meta property=\"og:type\" content=\"article\" \/>\n<meta property=\"og:title\" content=\"Contato | Redes Sociais - F\u00e1bio SELIGRA\" \/>\n<meta property=\"og:description\" content=\"Criei um GRUPO no Whatsapp para D\u00daVIDAS em grupo. Ahhh mas por qu\u00ea em grupo? Pois uma d\u00favida individual leva a outra, e mais outra, e com isso acaba se tornando uma MENTORIA. *evitem postar mensagens como:&#8211; Bom dia Grupo! &#8211; Ou mensagens fora do CONTEXTO (somente GOOGLE ADS PARA empreendedores) Meu instagram:\" \/>\n<meta property=\"og:url\" content=\"https:\/\/seligra.com.br\/google\/contato-redes-sociais\/\" \/>\n<meta property=\"og:site_name\" content=\"F\u00e1bio SELIGRA\" \/>\n<meta property=\"article:modified_time\" content=\"2021-02-01T23:10:11+00:00\" \/>\n<meta property=\"og:image\" content=\"https:\/\/seligra.com.br\/google\/wp-content\/uploads\/2021\/02\/grupo-google-ads-fabio-seligra-2-1024x262.png\" \/>\n<meta name=\"twitter:card\" content=\"summary_large_image\" \/>\n<script type=\"application\/ld+json\" class=\"yoast-schema-graph\">{\"@context\":\"https:\/\/schema.org\",\"@graph\":[{\"@type\":\"WebPage\",\"@id\":\"https:\/\/seligra.com.br\/google\/contato-redes-sociais\/\",\"url\":\"https:\/\/seligra.com.br\/google\/contato-redes-sociais\/\",\"name\":\"Contato | Redes Sociais - F\u00e1bio SELIGRA\",\"isPartOf\":{\"@id\":\"https:\/\/seligra.com.br\/google\/#website\"},\"primaryImageOfPage\":{\"@id\":\"https:\/\/seligra.com.br\/google\/contato-redes-sociais\/#primaryimage\"},\"image\":{\"@id\":\"https:\/\/seligra.com.br\/google\/contato-redes-sociais\/#primaryimage\"},\"thumbnailUrl\":\"https:\/\/seligra.com.br\/google\/wp-content\/uploads\/2021\/02\/grupo-google-ads-fabio-seligra-2-1024x262.png\",\"datePublished\":\"2021-02-01T14:35:43+00:00\",\"dateModified\":\"2021-02-01T23:10:11+00:00\",\"breadcrumb\":{\"@id\":\"https:\/\/seligra.com.br\/google\/contato-redes-sociais\/#breadcrumb\"},\"inLanguage\":\"pt-PT\",\"potentialAction\":[{\"@type\":\"ReadAction\",\"target\":[\"https:\/\/seligra.com.br\/google\/contato-redes-sociais\/\"]}]},{\"@type\":\"ImageObject\",\"inLanguage\":\"pt-PT\",\"@id\":\"https:\/\/seligra.com.br\/google\/contato-redes-sociais\/#primaryimage\",\"url\":\"https:\/\/seligra.com.br\/google\/wp-content\/uploads\/2021\/02\/grupo-google-ads-fabio-seligra-2.png\",\"contentUrl\":\"https:\/\/seligra.com.br\/google\/wp-content\/uploads\/2021\/02\/grupo-google-ads-fabio-seligra-2.png\",\"width\":2068,\"height\":529},{\"@type\":\"BreadcrumbList\",\"@id\":\"https:\/\/seligra.com.br\/google\/contato-redes-sociais\/#breadcrumb\",\"itemListElement\":[{\"@type\":\"ListItem\",\"position\":1,\"name\":\"In\u00edcio\",\"item\":\"https:\/\/seligra.com.br\/google\/\"},{\"@type\":\"ListItem\",\"position\":2,\"name\":\"Contato | Redes Sociais\"}]},{\"@type\":\"WebSite\",\"@id\":\"https:\/\/seligra.com.br\/google\/#website\",\"url\":\"https:\/\/seligra.com.br\/google\/\",\"name\":\"F\u00e1bio SELIGRA\",\"description\":\"Google ADS e Google SEO\",\"potentialAction\":[{\"@type\":\"SearchAction\",\"target\":{\"@type\":\"EntryPoint\",\"urlTemplate\":\"https:\/\/seligra.com.br\/google\/?s={search_term_string}\"},\"query-input\":{\"@type\":\"PropertyValueSpecification\",\"valueRequired\":true,\"valueName\":\"search_term_string\"}}],\"inLanguage\":\"pt-PT\"}]}<\/script>\n<!-- \/ Yoast SEO plugin. -->","yoast_head_json":{"title":"Contato | Redes Sociais - F\u00e1bio SELIGRA","robots":{"index":"index","follow":"follow","max-snippet":"max-snippet:-1","max-image-preview":"max-image-preview:large","max-video-preview":"max-video-preview:-1"},"canonical":"https:\/\/seligra.com.br\/google\/contato-redes-sociais\/","og_locale":"pt_PT","og_type":"article","og_title":"Contato | Redes Sociais - F\u00e1bio SELIGRA","og_description":"Criei um GRUPO no Whatsapp para D\u00daVIDAS em grupo. Ahhh mas por qu\u00ea em grupo? Pois uma d\u00favida individual leva a outra, e mais outra, e com isso acaba se tornando uma MENTORIA. *evitem postar mensagens como:&#8211; Bom dia Grupo! &#8211; Ou mensagens fora do CONTEXTO (somente GOOGLE ADS PARA empreendedores) Meu instagram:","og_url":"https:\/\/seligra.com.br\/google\/contato-redes-sociais\/","og_site_name":"F\u00e1bio SELIGRA","article_modified_time":"2021-02-01T23:10:11+00:00","og_image":[{"url":"https:\/\/seligra.com.br\/google\/wp-content\/uploads\/2021\/02\/grupo-google-ads-fabio-seligra-2-1024x262.png","type":"","width":"","height":""}],"twitter_card":"summary_large_image","schema":{"@context":"https:\/\/schema.org","@graph":[{"@type":"WebPage","@id":"https:\/\/seligra.com.br\/google\/contato-redes-sociais\/","url":"https:\/\/seligra.com.br\/google\/contato-redes-sociais\/","name":"Contato | Redes Sociais - F\u00e1bio SELIGRA","isPartOf":{"@id":"https:\/\/seligra.com.br\/google\/#website"},"primaryImageOfPage":{"@id":"https:\/\/seligra.com.br\/google\/contato-redes-sociais\/#primaryimage"},"image":{"@id":"https:\/\/seligra.com.br\/google\/contato-redes-sociais\/#primaryimage"},"thumbnailUrl":"https:\/\/seligra.com.br\/google\/wp-content\/uploads\/2021\/02\/grupo-google-ads-fabio-seligra-2-1024x262.png","datePublished":"2021-02-01T14:35:43+00:00","dateModified":"2021-02-01T23:10:11+00:00","breadcrumb":{"@id":"https:\/\/seligra.com.br\/google\/contato-redes-sociais\/#breadcrumb"},"inLanguage":"pt-PT","potentialAction":[{"@type":"ReadAction","target":["https:\/\/seligra.com.br\/google\/contato-redes-sociais\/"]}]},{"@type":"ImageObject","inLanguage":"pt-PT","@id":"https:\/\/seligra.com.br\/google\/contato-redes-sociais\/#primaryimage","url":"https:\/\/seligra.com.br\/google\/wp-content\/uploads\/2021\/02\/grupo-google-ads-fabio-seligra-2.png","contentUrl":"https:\/\/seligra.com.br\/google\/wp-content\/uploads\/2021\/02\/grupo-google-ads-fabio-seligra-2.png","width":2068,"height":529},{"@type":"BreadcrumbList","@id":"https:\/\/seligra.com.br\/google\/contato-redes-sociais\/#breadcrumb","itemListElement":[{"@type":"ListItem","position":1,"name":"In\u00edcio","item":"https:\/\/seligra.com.br\/google\/"},{"@type":"ListItem","position":2,"name":"Contato | Redes Sociais"}]},{"@type":"WebSite","@id":"https:\/\/seligra.com.br\/google\/#website","url":"https:\/\/seligra.com.br\/google\/","name":"F\u00e1bio SELIGRA","description":"Google ADS e Google SEO","potentialAction":[{"@type":"SearchAction","target":{"@type":"EntryPoint","urlTemplate":"https:\/\/seligra.com.br\/google\/?s={search_term_string}"},"query-input":{"@type":"PropertyValueSpecification","valueRequired":true,"valueName":"search_term_string"}}],"inLanguage":"pt-PT"}]}},"_links":{"self":[{"href":"https:\/\/seligra.com.br\/google\/wp-json\/wp\/v2\/pages\/2","targetHints":{"allow":["GET"]}}],"collection":[{"href":"https:\/\/seligra.com.br\/google\/wp-json\/wp\/v2\/pages"}],"about":[{"href":"https:\/\/seligra.com.br\/google\/wp-json\/wp\/v2\/types\/page"}],"author":[{"embeddable":true,"href":"https:\/\/seligra.com.br\/google\/wp-json\/wp\/v2\/users\/2"}],"replies":[{"embeddable":true,"href":"https:\/\/seligra.com.br\/google\/wp-json\/wp\/v2\/comments?post=2"}],"version-history":[{"count":3,"href":"https:\/\/seligra.com.br\/google\/wp-json\/wp\/v2\/pages\/2\/revisions"}],"predecessor-version":[{"id":98,"href":"https:\/\/seligra.com.br\/google\/wp-json\/wp\/v2\/pages\/2\/revisions\/98"}],"wp:attachment":[{"href":"https:\/\/seligra.com.br\/google\/wp-json\/wp\/v2\/media?parent=2"}],"curies":[{"name":"wp","href":"https:\/\/api.w.org\/{rel}","templated":true}]}}