{"id":33,"date":"2021-02-01T14:36:00","date_gmt":"2021-02-01T14:36:00","guid":{"rendered":"https:\/\/seligra.com.br\/google\/about\/"},"modified":"2024-10-24T10:09:38","modified_gmt":"2024-10-24T10:09:38","slug":"sobre-mim","status":"publish","type":"page","link":"https:\/\/seligra.com.br\/google\/sobre-mim\/","title":{"rendered":"Sobre mim"},"content":{"rendered":"\n<p>Sou F\u00e1bio Seligra, fundador da Gr\u00e1fica Formato 8, em Salvador, desde 2001. Em 2009, lancei minha loja virtual e alcancei mais de 2,2 milh\u00f5es de usu\u00e1rios \u00fanicos. Foram tantas experi\u00eancias que me permitiram entender sobre tr\u00e1fego pago e org\u00e2nico, e espero compartilhar todo esse conhecimento com voc\u00ea. <\/p>\n\n\n\n<p>De 2010 a 2017, faturei, em m\u00e9dia, R$ 550.000 por ano pela internet. Ap\u00f3s esse per\u00edodo, meu site foi invadido, perdi minha classifica\u00e7\u00e3o no Google, e todo o meu tr\u00e1fego org\u00e2nico caiu drasticamente. Desde ent\u00e3o, as vendas come\u00e7aram a declinar, mesmo investindo alto no Google.<\/p>\n\n\n\n<figure class=\"wp-block-image size-full\"><img fetchpriority=\"high\" decoding=\"async\" width=\"700\" height=\"394\" src=\"https:\/\/seligra.com.br\/google\/wp-content\/uploads\/2021\/04\/fabio-seligra-marketing-dig.jpg\" alt=\"F\u00e1bio Seligra SEO\" class=\"wp-image-271\" srcset=\"https:\/\/seligra.com.br\/google\/wp-content\/uploads\/2021\/04\/fabio-seligra-marketing-dig.jpg 700w, https:\/\/seligra.com.br\/google\/wp-content\/uploads\/2021\/04\/fabio-seligra-marketing-dig-300x169.jpg 300w\" sizes=\"(max-width: 700px) 100vw, 700px\" \/><\/figure>\n\n\n\n<p>Muitas coisas me fizeram entender que n\u00e3o bastava apenas anunciar.\u00a0<\/p>\n\n\n\n<p>\u00c9 preciso conhecer os fatores externos.\u00a0(alta dos fretes, pandemia, etc)<br>Nesse treinamento\u00a0<strong><a href=\"https:\/\/seligra.com.br\/google\/curso-seligra-google-seo\/\">SELIGRA GOOGLE SEO<\/a> para EMPREENDEDORES\u00a0<\/strong>vou te ensinar tudo isso que passei nestes anos.\u00a0<\/p>\n\n\n\n<h2 class=\"wp-block-heading\">F\u00e1bio Seligra TOP AFILIADO N1 de 3 cursos <\/h2>\n\n\n\n<figure class=\"wp-block-image size-full\"><img decoding=\"async\" width=\"268\" height=\"301\" src=\"https:\/\/seligra.com.br\/google\/wp-content\/uploads\/2023\/12\/PRESELL-otimizada-fabio-seligra.png\" alt=\"\" class=\"wp-image-1406\"\/><\/figure>\n\n\n\n<p>Atualmente crio campanhas para minha gr\u00e1fica e produtos digitais. Desenvolvi este CURSO para poder passar todo meu conhecimento para voc\u00ea.&nbsp;<\/p>\n\n\n\n<p class=\"has-medium-font-size\">Meu <a href=\"https:\/\/www.instagram.com\/seligrafabio\/\">instagram.com\/seligrafabio<\/a><\/p>\n\n\n\n<figure class=\"wp-block-image size-full\"><img decoding=\"async\" width=\"800\" height=\"600\" src=\"https:\/\/seligra.com.br\/google\/wp-content\/uploads\/2023\/11\/como-ganhar-dinheiro-na-internet.webp\" alt=\"como ganhar dinheiro na internet\" class=\"wp-image-1274\" srcset=\"https:\/\/seligra.com.br\/google\/wp-content\/uploads\/2023\/11\/como-ganhar-dinheiro-na-internet.webp 800w, https:\/\/seligra.com.br\/google\/wp-content\/uploads\/2023\/11\/como-ganhar-dinheiro-na-internet-300x225.webp 300w, https:\/\/seligra.com.br\/google\/wp-content\/uploads\/2023\/11\/como-ganhar-dinheiro-na-internet-768x576.webp 768w\" sizes=\"(max-width: 800px) 100vw, 800px\" \/><\/figure>\n<div class=\"pvc_clear\"><\/div><p id=\"pvc_stats_33\" class=\"pvc_stats all  \" data-element-id=\"33\" style=\"\"><i class=\"pvc-stats-icon medium\" aria-hidden=\"true\"><svg aria-hidden=\"true\" focusable=\"false\" data-prefix=\"far\" data-icon=\"chart-bar\" role=\"img\" xmlns=\"http:\/\/www.w3.org\/2000\/svg\" viewBox=\"0 0 512 512\" class=\"svg-inline--fa fa-chart-bar fa-w-16 fa-2x\"><path fill=\"currentColor\" d=\"M396.8 352h22.4c6.4 0 12.8-6.4 12.8-12.8V108.8c0-6.4-6.4-12.8-12.8-12.8h-22.4c-6.4 0-12.8 6.4-12.8 12.8v230.4c0 6.4 6.4 12.8 12.8 12.8zm-192 0h22.4c6.4 0 12.8-6.4 12.8-12.8V140.8c0-6.4-6.4-12.8-12.8-12.8h-22.4c-6.4 0-12.8 6.4-12.8 12.8v198.4c0 6.4 6.4 12.8 12.8 12.8zm96 0h22.4c6.4 0 12.8-6.4 12.8-12.8V204.8c0-6.4-6.4-12.8-12.8-12.8h-22.4c-6.4 0-12.8 6.4-12.8 12.8v134.4c0 6.4 6.4 12.8 12.8 12.8zM496 400H48V80c0-8.84-7.16-16-16-16H16C7.16 64 0 71.16 0 80v336c0 17.67 14.33 32 32 32h464c8.84 0 16-7.16 16-16v-16c0-8.84-7.16-16-16-16zm-387.2-48h22.4c6.4 0 12.8-6.4 12.8-12.8v-70.4c0-6.4-6.4-12.8-12.8-12.8h-22.4c-6.4 0-12.8 6.4-12.8 12.8v70.4c0 6.4 6.4 12.8 12.8 12.8z\" class=\"\"><\/path><\/svg><\/i> <img loading=\"lazy\" decoding=\"async\" width=\"16\" height=\"16\" alt=\"Loading\" src=\"https:\/\/seligra.com.br\/google\/wp-content\/plugins\/page-views-count\/ajax-loader-2x.gif\" border=0 \/><\/p><div class=\"pvc_clear\"><\/div>","protected":false},"excerpt":{"rendered":"<p>Sou F\u00e1bio Seligra, fundador da Gr\u00e1fica Formato 8, em Salvador, desde 2001. Em 2009, lancei minha loja virtual e alcancei mais de 2,2 milh\u00f5es de usu\u00e1rios \u00fanicos. Foram tantas experi\u00eancias que me permitiram entender sobre tr\u00e1fego pago e org\u00e2nico, e espero compartilhar todo esse conhecimento com voc\u00ea. De 2010 a 2017, faturei, em m\u00e9dia, R$&hellip;&nbsp;<a href=\"https:\/\/seligra.com.br\/google\/sobre-mim\/\" rel=\"bookmark\">Ler mais &raquo;<span class=\"screen-reader-text\">Sobre mim<\/span><\/a><\/p>\n<div class=\"pvc_clear\"><\/div>\n<p id=\"pvc_stats_33\" class=\"pvc_stats all  \" data-element-id=\"33\" style=\"\"><i class=\"pvc-stats-icon medium\" aria-hidden=\"true\"><svg aria-hidden=\"true\" focusable=\"false\" data-prefix=\"far\" data-icon=\"chart-bar\" role=\"img\" xmlns=\"http:\/\/www.w3.org\/2000\/svg\" viewBox=\"0 0 512 512\" class=\"svg-inline--fa fa-chart-bar fa-w-16 fa-2x\"><path fill=\"currentColor\" d=\"M396.8 352h22.4c6.4 0 12.8-6.4 12.8-12.8V108.8c0-6.4-6.4-12.8-12.8-12.8h-22.4c-6.4 0-12.8 6.4-12.8 12.8v230.4c0 6.4 6.4 12.8 12.8 12.8zm-192 0h22.4c6.4 0 12.8-6.4 12.8-12.8V140.8c0-6.4-6.4-12.8-12.8-12.8h-22.4c-6.4 0-12.8 6.4-12.8 12.8v198.4c0 6.4 6.4 12.8 12.8 12.8zm96 0h22.4c6.4 0 12.8-6.4 12.8-12.8V204.8c0-6.4-6.4-12.8-12.8-12.8h-22.4c-6.4 0-12.8 6.4-12.8 12.8v134.4c0 6.4 6.4 12.8 12.8 12.8zM496 400H48V80c0-8.84-7.16-16-16-16H16C7.16 64 0 71.16 0 80v336c0 17.67 14.33 32 32 32h464c8.84 0 16-7.16 16-16v-16c0-8.84-7.16-16-16-16zm-387.2-48h22.4c6.4 0 12.8-6.4 12.8-12.8v-70.4c0-6.4-6.4-12.8-12.8-12.8h-22.4c-6.4 0-12.8 6.4-12.8 12.8v70.4c0 6.4 6.4 12.8 12.8 12.8z\" class=\"\"><\/path><\/svg><\/i> <img loading=\"lazy\" decoding=\"async\" width=\"16\" height=\"16\" alt=\"Loading\" src=\"https:\/\/seligra.com.br\/google\/wp-content\/plugins\/page-views-count\/ajax-loader-2x.gif\" border=0 \/><\/p>\n<div class=\"pvc_clear\"><\/div>\n","protected":false},"author":1,"featured_media":0,"parent":0,"menu_order":0,"comment_status":"closed","ping_status":"closed","template":"","meta":{"neve_meta_sidebar":"","neve_meta_container":"","neve_meta_enable_content_width":"","neve_meta_content_width":0,"neve_meta_title_alignment":"","neve_meta_author_avatar":"","neve_post_elements_order":"","neve_meta_disable_header":"","neve_meta_disable_footer":"","neve_meta_disable_title":"","_joinchat":[],"footnotes":""},"class_list":["post-33","page","type-page","status-publish","hentry"],"yoast_head":"<!-- This site is optimized with the Yoast SEO plugin v26.8 - https:\/\/yoast.com\/product\/yoast-seo-wordpress\/ -->\n<title>Sobre mim - F\u00e1bio SELIGRA<\/title>\n<meta name=\"description\" content=\"Sou F\u00e1bio Seligra, fundador da Gr\u00e1fica Formato 8, em Salvador, desde 2001. Em 2009, lancei minha loja virtual e alcancei mais de 2,2 milh\u00f5es..\" \/>\n<meta name=\"robots\" content=\"index, follow, max-snippet:-1, max-image-preview:large, max-video-preview:-1\" \/>\n<link rel=\"canonical\" href=\"https:\/\/seligra.com.br\/google\/sobre-mim\/\" \/>\n<meta property=\"og:locale\" content=\"pt_PT\" \/>\n<meta property=\"og:type\" content=\"article\" \/>\n<meta property=\"og:title\" content=\"Sobre mim - F\u00e1bio SELIGRA\" \/>\n<meta property=\"og:description\" content=\"Sou F\u00e1bio Seligra, fundador da Gr\u00e1fica Formato 8, em Salvador, desde 2001. Em 2009, lancei minha loja virtual e alcancei mais de 2,2 milh\u00f5es..\" \/>\n<meta property=\"og:url\" content=\"https:\/\/seligra.com.br\/google\/sobre-mim\/\" \/>\n<meta property=\"og:site_name\" content=\"F\u00e1bio SELIGRA\" \/>\n<meta property=\"article:modified_time\" content=\"2024-10-24T10:09:38+00:00\" \/>\n<meta property=\"og:image\" content=\"https:\/\/seligra.com.br\/google\/wp-content\/uploads\/2021\/04\/fabio-seligra-marketing-dig.jpg\" \/>\n\t<meta property=\"og:image:width\" content=\"700\" \/>\n\t<meta property=\"og:image:height\" content=\"394\" \/>\n\t<meta property=\"og:image:type\" content=\"image\/jpeg\" \/>\n<meta name=\"twitter:card\" content=\"summary_large_image\" \/>\n<meta name=\"twitter:label1\" content=\"Tempo estimado de leitura\" \/>\n\t<meta name=\"twitter:data1\" content=\"2 minutos\" \/>\n<script type=\"application\/ld+json\" class=\"yoast-schema-graph\">{\"@context\":\"https:\/\/schema.org\",\"@graph\":[{\"@type\":\"WebPage\",\"@id\":\"https:\/\/seligra.com.br\/google\/sobre-mim\/\",\"url\":\"https:\/\/seligra.com.br\/google\/sobre-mim\/\",\"name\":\"Sobre mim - F\u00e1bio SELIGRA\",\"isPartOf\":{\"@id\":\"https:\/\/seligra.com.br\/google\/#website\"},\"primaryImageOfPage\":{\"@id\":\"https:\/\/seligra.com.br\/google\/sobre-mim\/#primaryimage\"},\"image\":{\"@id\":\"https:\/\/seligra.com.br\/google\/sobre-mim\/#primaryimage\"},\"thumbnailUrl\":\"https:\/\/seligra.com.br\/google\/wp-content\/uploads\/2021\/04\/fabio-seligra-marketing-dig.jpg\",\"datePublished\":\"2021-02-01T14:36:00+00:00\",\"dateModified\":\"2024-10-24T10:09:38+00:00\",\"description\":\"Sou F\u00e1bio Seligra, fundador da Gr\u00e1fica Formato 8, em Salvador, desde 2001. Em 2009, lancei minha loja virtual e alcancei mais de 2,2 milh\u00f5es..\",\"breadcrumb\":{\"@id\":\"https:\/\/seligra.com.br\/google\/sobre-mim\/#breadcrumb\"},\"inLanguage\":\"pt-PT\",\"potentialAction\":[{\"@type\":\"ReadAction\",\"target\":[\"https:\/\/seligra.com.br\/google\/sobre-mim\/\"]}]},{\"@type\":\"ImageObject\",\"inLanguage\":\"pt-PT\",\"@id\":\"https:\/\/seligra.com.br\/google\/sobre-mim\/#primaryimage\",\"url\":\"https:\/\/seligra.com.br\/google\/wp-content\/uploads\/2021\/04\/fabio-seligra-marketing-dig.jpg\",\"contentUrl\":\"https:\/\/seligra.com.br\/google\/wp-content\/uploads\/2021\/04\/fabio-seligra-marketing-dig.jpg\",\"width\":700,\"height\":394},{\"@type\":\"BreadcrumbList\",\"@id\":\"https:\/\/seligra.com.br\/google\/sobre-mim\/#breadcrumb\",\"itemListElement\":[{\"@type\":\"ListItem\",\"position\":1,\"name\":\"In\u00edcio\",\"item\":\"https:\/\/seligra.com.br\/google\/\"},{\"@type\":\"ListItem\",\"position\":2,\"name\":\"Sobre mim\"}]},{\"@type\":\"WebSite\",\"@id\":\"https:\/\/seligra.com.br\/google\/#website\",\"url\":\"https:\/\/seligra.com.br\/google\/\",\"name\":\"F\u00e1bio SELIGRA\",\"description\":\"Google ADS e Google SEO\",\"potentialAction\":[{\"@type\":\"SearchAction\",\"target\":{\"@type\":\"EntryPoint\",\"urlTemplate\":\"https:\/\/seligra.com.br\/google\/?s={search_term_string}\"},\"query-input\":{\"@type\":\"PropertyValueSpecification\",\"valueRequired\":true,\"valueName\":\"search_term_string\"}}],\"inLanguage\":\"pt-PT\"}]}<\/script>\n<!-- \/ Yoast SEO plugin. -->","yoast_head_json":{"title":"Sobre mim - F\u00e1bio SELIGRA","description":"Sou F\u00e1bio Seligra, fundador da Gr\u00e1fica Formato 8, em Salvador, desde 2001. Em 2009, lancei minha loja virtual e alcancei mais de 2,2 milh\u00f5es..","robots":{"index":"index","follow":"follow","max-snippet":"max-snippet:-1","max-image-preview":"max-image-preview:large","max-video-preview":"max-video-preview:-1"},"canonical":"https:\/\/seligra.com.br\/google\/sobre-mim\/","og_locale":"pt_PT","og_type":"article","og_title":"Sobre mim - F\u00e1bio SELIGRA","og_description":"Sou F\u00e1bio Seligra, fundador da Gr\u00e1fica Formato 8, em Salvador, desde 2001. Em 2009, lancei minha loja virtual e alcancei mais de 2,2 milh\u00f5es..","og_url":"https:\/\/seligra.com.br\/google\/sobre-mim\/","og_site_name":"F\u00e1bio SELIGRA","article_modified_time":"2024-10-24T10:09:38+00:00","og_image":[{"width":700,"height":394,"url":"https:\/\/seligra.com.br\/google\/wp-content\/uploads\/2021\/04\/fabio-seligra-marketing-dig.jpg","type":"image\/jpeg"}],"twitter_card":"summary_large_image","twitter_misc":{"Tempo estimado de leitura":"2 minutos"},"schema":{"@context":"https:\/\/schema.org","@graph":[{"@type":"WebPage","@id":"https:\/\/seligra.com.br\/google\/sobre-mim\/","url":"https:\/\/seligra.com.br\/google\/sobre-mim\/","name":"Sobre mim - F\u00e1bio SELIGRA","isPartOf":{"@id":"https:\/\/seligra.com.br\/google\/#website"},"primaryImageOfPage":{"@id":"https:\/\/seligra.com.br\/google\/sobre-mim\/#primaryimage"},"image":{"@id":"https:\/\/seligra.com.br\/google\/sobre-mim\/#primaryimage"},"thumbnailUrl":"https:\/\/seligra.com.br\/google\/wp-content\/uploads\/2021\/04\/fabio-seligra-marketing-dig.jpg","datePublished":"2021-02-01T14:36:00+00:00","dateModified":"2024-10-24T10:09:38+00:00","description":"Sou F\u00e1bio Seligra, fundador da Gr\u00e1fica Formato 8, em Salvador, desde 2001. Em 2009, lancei minha loja virtual e alcancei mais de 2,2 milh\u00f5es..","breadcrumb":{"@id":"https:\/\/seligra.com.br\/google\/sobre-mim\/#breadcrumb"},"inLanguage":"pt-PT","potentialAction":[{"@type":"ReadAction","target":["https:\/\/seligra.com.br\/google\/sobre-mim\/"]}]},{"@type":"ImageObject","inLanguage":"pt-PT","@id":"https:\/\/seligra.com.br\/google\/sobre-mim\/#primaryimage","url":"https:\/\/seligra.com.br\/google\/wp-content\/uploads\/2021\/04\/fabio-seligra-marketing-dig.jpg","contentUrl":"https:\/\/seligra.com.br\/google\/wp-content\/uploads\/2021\/04\/fabio-seligra-marketing-dig.jpg","width":700,"height":394},{"@type":"BreadcrumbList","@id":"https:\/\/seligra.com.br\/google\/sobre-mim\/#breadcrumb","itemListElement":[{"@type":"ListItem","position":1,"name":"In\u00edcio","item":"https:\/\/seligra.com.br\/google\/"},{"@type":"ListItem","position":2,"name":"Sobre mim"}]},{"@type":"WebSite","@id":"https:\/\/seligra.com.br\/google\/#website","url":"https:\/\/seligra.com.br\/google\/","name":"F\u00e1bio SELIGRA","description":"Google ADS e Google SEO","potentialAction":[{"@type":"SearchAction","target":{"@type":"EntryPoint","urlTemplate":"https:\/\/seligra.com.br\/google\/?s={search_term_string}"},"query-input":{"@type":"PropertyValueSpecification","valueRequired":true,"valueName":"search_term_string"}}],"inLanguage":"pt-PT"}]}},"_links":{"self":[{"href":"https:\/\/seligra.com.br\/google\/wp-json\/wp\/v2\/pages\/33","targetHints":{"allow":["GET"]}}],"collection":[{"href":"https:\/\/seligra.com.br\/google\/wp-json\/wp\/v2\/pages"}],"about":[{"href":"https:\/\/seligra.com.br\/google\/wp-json\/wp\/v2\/types\/page"}],"author":[{"embeddable":true,"href":"https:\/\/seligra.com.br\/google\/wp-json\/wp\/v2\/users\/1"}],"replies":[{"embeddable":true,"href":"https:\/\/seligra.com.br\/google\/wp-json\/wp\/v2\/comments?post=33"}],"version-history":[{"count":3,"href":"https:\/\/seligra.com.br\/google\/wp-json\/wp\/v2\/pages\/33\/revisions"}],"predecessor-version":[{"id":1644,"href":"https:\/\/seligra.com.br\/google\/wp-json\/wp\/v2\/pages\/33\/revisions\/1644"}],"wp:attachment":[{"href":"https:\/\/seligra.com.br\/google\/wp-json\/wp\/v2\/media?parent=33"}],"curies":[{"name":"wp","href":"https:\/\/api.w.org\/{rel}","templated":true}]}}