{"id":770,"date":"2023-03-03T18:18:43","date_gmt":"2023-03-03T18:18:43","guid":{"rendered":"https:\/\/seligra.com.br\/google\/?page_id=770"},"modified":"2023-11-09T22:13:40","modified_gmt":"2023-11-09T22:13:40","slug":"leadlovers","status":"publish","type":"page","link":"https:\/\/seligra.com.br\/google\/leadlovers\/","title":{"rendered":"LeadLovers"},"content":{"rendered":"\t\t<div data-elementor-type=\"wp-page\" data-elementor-id=\"770\" class=\"elementor elementor-770\">\n\t\t\t\t\t\t<section class=\"elementor-section elementor-top-section elementor-element elementor-element-e68f8da elementor-section-boxed elementor-section-height-default elementor-section-height-default\" data-id=\"e68f8da\" data-element_type=\"section\">\n\t\t\t\t\t\t<div class=\"elementor-container elementor-column-gap-default\">\n\t\t\t\t\t<div class=\"elementor-column elementor-col-100 elementor-top-column elementor-element elementor-element-8c613e4\" data-id=\"8c613e4\" data-element_type=\"column\">\n\t\t\t<div class=\"elementor-widget-wrap elementor-element-populated\">\n\t\t\t\t\t\t<div class=\"elementor-element elementor-element-ff3383c elementor-widget elementor-widget-heading\" data-id=\"ff3383c\" data-element_type=\"widget\" data-widget_type=\"heading.default\">\n\t\t\t\t<div class=\"elementor-widget-container\">\n\t\t\t\t\t<h2 class=\"elementor-heading-title elementor-size-default\">LeadLovers - Como Funciona? Planos, Vale a pena? <\/h2>\t\t\t\t<\/div>\n\t\t\t\t<\/div>\n\t\t\t\t<div class=\"elementor-element elementor-element-645de0b elementor-widget elementor-widget-text-editor\" data-id=\"645de0b\" data-element_type=\"widget\" data-widget_type=\"text-editor.default\">\n\t\t\t\t<div class=\"elementor-widget-container\">\n\t\t\t\t\t\t\t\t\t<p style=\"text-align: center;\">Veja por dentro &#8230;\u00e9 poss\u00edvel automatizar campanhas ilimitadas de e-mails, Criar p\u00e1ginas, mkt<\/p>\t\t\t\t\t\t\t\t<\/div>\n\t\t\t\t<\/div>\n\t\t\t\t<div class=\"elementor-element elementor-element-b617548 elementor-widget elementor-widget-video\" data-id=\"b617548\" data-element_type=\"widget\" data-settings=\"{&quot;youtube_url&quot;:&quot;https:\\\/\\\/youtu.be\\\/N7B9i7Ad4h8&quot;,&quot;video_type&quot;:&quot;youtube&quot;,&quot;controls&quot;:&quot;yes&quot;}\" data-widget_type=\"video.default\">\n\t\t\t\t<div class=\"elementor-widget-container\">\n\t\t\t\t\t\t\t<div class=\"elementor-wrapper elementor-open-inline\">\n\t\t\t<div class=\"elementor-video\"><\/div>\t\t<\/div>\n\t\t\t\t\t\t<\/div>\n\t\t\t\t<\/div>\n\t\t\t\t<div class=\"elementor-element elementor-element-cc0a8c1 elementor-widget elementor-widget-image\" data-id=\"cc0a8c1\" data-element_type=\"widget\" data-widget_type=\"image.default\">\n\t\t\t\t<div class=\"elementor-widget-container\">\n\t\t\t\t\t\t\t\t\t\t\t\t\t\t\t\t<a href=\"https:\/\/go.hotmart.com\/J75620981W\">\n\t\t\t\t\t\t\t<img fetchpriority=\"high\" decoding=\"async\" width=\"900\" height=\"507\" src=\"https:\/\/seligra.com.br\/google\/wp-content\/uploads\/2023\/03\/LEAD-LOVER-900.jpg\" class=\"attachment-large size-large wp-image-774\" alt=\"\" srcset=\"https:\/\/seligra.com.br\/google\/wp-content\/uploads\/2023\/03\/LEAD-LOVER-900.jpg 900w, https:\/\/seligra.com.br\/google\/wp-content\/uploads\/2023\/03\/LEAD-LOVER-900-300x169.jpg 300w, https:\/\/seligra.com.br\/google\/wp-content\/uploads\/2023\/03\/LEAD-LOVER-900-768x433.jpg 768w\" sizes=\"(max-width: 900px) 100vw, 900px\" \/>\t\t\t\t\t\t\t\t<\/a>\n\t\t\t\t\t\t\t\t\t\t\t\t\t\t\t<\/div>\n\t\t\t\t<\/div>\n\t\t\t\t<div class=\"elementor-element elementor-element-47d0301 elementor-widget elementor-widget-image\" data-id=\"47d0301\" data-element_type=\"widget\" data-widget_type=\"image.default\">\n\t\t\t\t<div class=\"elementor-widget-container\">\n\t\t\t\t\t\t\t\t\t\t\t\t\t\t\t\t<a href=\"https:\/\/go.hotmart.com\/J75620981W\">\n\t\t\t\t\t\t\t<img decoding=\"async\" width=\"300\" height=\"100\" src=\"https:\/\/seligra.com.br\/google\/wp-content\/uploads\/2022\/12\/acesse-agora-bolo-marrara-bortoloti-300x100.png\" class=\"attachment-medium size-medium wp-image-608\" alt=\"\" srcset=\"https:\/\/seligra.com.br\/google\/wp-content\/uploads\/2022\/12\/acesse-agora-bolo-marrara-bortoloti-300x100.png 300w, https:\/\/seligra.com.br\/google\/wp-content\/uploads\/2022\/12\/acesse-agora-bolo-marrara-bortoloti.png 568w\" sizes=\"(max-width: 300px) 100vw, 300px\" \/>\t\t\t\t\t\t\t\t<\/a>\n\t\t\t\t\t\t\t\t\t\t\t\t\t\t\t<\/div>\n\t\t\t\t<\/div>\n\t\t\t\t<div class=\"elementor-element elementor-element-d8b3b3c elementor-widget elementor-widget-html\" data-id=\"d8b3b3c\" data-element_type=\"widget\" data-widget_type=\"html.default\">\n\t\t\t\t<div class=\"elementor-widget-container\">\n\t\t\t\t\t<iframe src=\"https:\/\/go.hotmart.com\/M8320832X?ap=f792&src=seligrapagvendas\" style=\"\u201dwidth:0;height:0;border:0;\" border:none;\u201d=\"\"><\/iframe>\t\t\t\t<\/div>\n\t\t\t\t<\/div>\n\t\t\t\t\t<\/div>\n\t\t<\/div>\n\t\t\t\t\t<\/div>\n\t\t<\/section>\n\t\t\t\t<\/div>\n\t\t","protected":false},"excerpt":{"rendered":"<p>LeadLovers &#8211; Como Funciona? Planos, Vale a pena? Veja por dentro &#8230;\u00e9 poss\u00edvel automatizar campanhas ilimitadas de e-mails, Criar p\u00e1ginas, mkt https:\/\/youtu.be\/N7B9i7Ad4h8<\/p>\n<div class=\"pvc_clear\"><\/div>\n<p id=\"pvc_stats_770\" class=\"pvc_stats all  \" data-element-id=\"770\" style=\"\"><i class=\"pvc-stats-icon medium\" aria-hidden=\"true\"><svg aria-hidden=\"true\" focusable=\"false\" data-prefix=\"far\" data-icon=\"chart-bar\" role=\"img\" xmlns=\"http:\/\/www.w3.org\/2000\/svg\" viewBox=\"0 0 512 512\" class=\"svg-inline--fa fa-chart-bar fa-w-16 fa-2x\"><path fill=\"currentColor\" d=\"M396.8 352h22.4c6.4 0 12.8-6.4 12.8-12.8V108.8c0-6.4-6.4-12.8-12.8-12.8h-22.4c-6.4 0-12.8 6.4-12.8 12.8v230.4c0 6.4 6.4 12.8 12.8 12.8zm-192 0h22.4c6.4 0 12.8-6.4 12.8-12.8V140.8c0-6.4-6.4-12.8-12.8-12.8h-22.4c-6.4 0-12.8 6.4-12.8 12.8v198.4c0 6.4 6.4 12.8 12.8 12.8zm96 0h22.4c6.4 0 12.8-6.4 12.8-12.8V204.8c0-6.4-6.4-12.8-12.8-12.8h-22.4c-6.4 0-12.8 6.4-12.8 12.8v134.4c0 6.4 6.4 12.8 12.8 12.8zM496 400H48V80c0-8.84-7.16-16-16-16H16C7.16 64 0 71.16 0 80v336c0 17.67 14.33 32 32 32h464c8.84 0 16-7.16 16-16v-16c0-8.84-7.16-16-16-16zm-387.2-48h22.4c6.4 0 12.8-6.4 12.8-12.8v-70.4c0-6.4-6.4-12.8-12.8-12.8h-22.4c-6.4 0-12.8 6.4-12.8 12.8v70.4c0 6.4 6.4 12.8 12.8 12.8z\" class=\"\"><\/path><\/svg><\/i> <img decoding=\"async\" width=\"16\" height=\"16\" alt=\"Loading\" src=\"https:\/\/seligra.com.br\/google\/wp-content\/plugins\/page-views-count\/ajax-loader-2x.gif\" border=0 \/><\/p>\n<div class=\"pvc_clear\"><\/div>\n","protected":false},"author":1,"featured_media":0,"parent":0,"menu_order":0,"comment_status":"closed","ping_status":"closed","template":"page-templates\/template-pagebuilder-full-width.php","meta":{"neve_meta_sidebar":"","neve_meta_container":"","neve_meta_enable_content_width":"","neve_meta_content_width":0,"neve_meta_title_alignment":"","neve_meta_author_avatar":"","neve_post_elements_order":"","neve_meta_disable_header":"","neve_meta_disable_footer":"","neve_meta_disable_title":"","_joinchat":[],"footnotes":""},"class_list":["post-770","page","type-page","status-publish","hentry"],"yoast_head":"<!-- This site is optimized with the Yoast SEO plugin v26.8 - https:\/\/yoast.com\/product\/yoast-seo-wordpress\/ -->\n<title>LeadLovers Como Funciona? Planos, Vale a pena? Veja por dentro<\/title>\n<meta name=\"description\" content=\"LeadLovers - Como Funciona? Planos, Vale a pena? Veja por dentro ...\u00e9 poss\u00edvel automatizar campanhas ilimitadas de e-mails, Criar p\u00e1ginas, mkt .\" \/>\n<meta name=\"robots\" content=\"index, follow, max-snippet:-1, max-image-preview:large, max-video-preview:-1\" \/>\n<link rel=\"canonical\" href=\"https:\/\/seligra.com.br\/google\/leadlovers\/\" \/>\n<meta property=\"og:locale\" content=\"pt_PT\" \/>\n<meta property=\"og:type\" content=\"article\" \/>\n<meta property=\"og:title\" content=\"LeadLovers Como Funciona? Planos, Vale a pena? Veja por dentro\" \/>\n<meta property=\"og:description\" content=\"LeadLovers - Como Funciona? Planos, Vale a pena? Veja por dentro ...\u00e9 poss\u00edvel automatizar campanhas ilimitadas de e-mails, Criar p\u00e1ginas, mkt .\" \/>\n<meta property=\"og:url\" content=\"https:\/\/seligra.com.br\/google\/leadlovers\/\" \/>\n<meta property=\"og:site_name\" content=\"F\u00e1bio SELIGRA\" \/>\n<meta property=\"article:modified_time\" content=\"2023-11-09T22:13:40+00:00\" \/>\n<meta property=\"og:image\" content=\"https:\/\/seligra.com.br\/google\/wp-content\/uploads\/2023\/03\/LEAD-LOVER-900.jpg\" \/>\n<meta name=\"twitter:card\" content=\"summary_large_image\" \/>\n<meta name=\"twitter:label1\" content=\"Tempo estimado de leitura\" \/>\n\t<meta name=\"twitter:data1\" content=\"1 minuto\" \/>\n<script type=\"application\/ld+json\" class=\"yoast-schema-graph\">{\"@context\":\"https:\/\/schema.org\",\"@graph\":[{\"@type\":\"WebPage\",\"@id\":\"https:\/\/seligra.com.br\/google\/leadlovers\/\",\"url\":\"https:\/\/seligra.com.br\/google\/leadlovers\/\",\"name\":\"LeadLovers Como Funciona? Planos, Vale a pena? Veja por dentro\",\"isPartOf\":{\"@id\":\"https:\/\/seligra.com.br\/google\/#website\"},\"primaryImageOfPage\":{\"@id\":\"https:\/\/seligra.com.br\/google\/leadlovers\/#primaryimage\"},\"image\":{\"@id\":\"https:\/\/seligra.com.br\/google\/leadlovers\/#primaryimage\"},\"thumbnailUrl\":\"https:\/\/seligra.com.br\/google\/wp-content\/uploads\/2023\/03\/LEAD-LOVER-900.jpg\",\"datePublished\":\"2023-03-03T18:18:43+00:00\",\"dateModified\":\"2023-11-09T22:13:40+00:00\",\"description\":\"LeadLovers - Como Funciona? Planos, Vale a pena? Veja por dentro ...\u00e9 poss\u00edvel automatizar campanhas ilimitadas de e-mails, Criar p\u00e1ginas, mkt .\",\"breadcrumb\":{\"@id\":\"https:\/\/seligra.com.br\/google\/leadlovers\/#breadcrumb\"},\"inLanguage\":\"pt-PT\",\"potentialAction\":[{\"@type\":\"ReadAction\",\"target\":[\"https:\/\/seligra.com.br\/google\/leadlovers\/\"]}]},{\"@type\":\"ImageObject\",\"inLanguage\":\"pt-PT\",\"@id\":\"https:\/\/seligra.com.br\/google\/leadlovers\/#primaryimage\",\"url\":\"https:\/\/seligra.com.br\/google\/wp-content\/uploads\/2023\/03\/LEAD-LOVER-900.jpg\",\"contentUrl\":\"https:\/\/seligra.com.br\/google\/wp-content\/uploads\/2023\/03\/LEAD-LOVER-900.jpg\",\"width\":900,\"height\":507},{\"@type\":\"BreadcrumbList\",\"@id\":\"https:\/\/seligra.com.br\/google\/leadlovers\/#breadcrumb\",\"itemListElement\":[{\"@type\":\"ListItem\",\"position\":1,\"name\":\"In\u00edcio\",\"item\":\"https:\/\/seligra.com.br\/google\/\"},{\"@type\":\"ListItem\",\"position\":2,\"name\":\"LeadLovers\"}]},{\"@type\":\"WebSite\",\"@id\":\"https:\/\/seligra.com.br\/google\/#website\",\"url\":\"https:\/\/seligra.com.br\/google\/\",\"name\":\"F\u00e1bio SELIGRA\",\"description\":\"Google ADS e Google SEO\",\"potentialAction\":[{\"@type\":\"SearchAction\",\"target\":{\"@type\":\"EntryPoint\",\"urlTemplate\":\"https:\/\/seligra.com.br\/google\/?s={search_term_string}\"},\"query-input\":{\"@type\":\"PropertyValueSpecification\",\"valueRequired\":true,\"valueName\":\"search_term_string\"}}],\"inLanguage\":\"pt-PT\"}]}<\/script>\n<!-- \/ Yoast SEO plugin. -->","yoast_head_json":{"title":"LeadLovers Como Funciona? Planos, Vale a pena? Veja por dentro","description":"LeadLovers - Como Funciona? Planos, Vale a pena? Veja por dentro ...\u00e9 poss\u00edvel automatizar campanhas ilimitadas de e-mails, Criar p\u00e1ginas, mkt .","robots":{"index":"index","follow":"follow","max-snippet":"max-snippet:-1","max-image-preview":"max-image-preview:large","max-video-preview":"max-video-preview:-1"},"canonical":"https:\/\/seligra.com.br\/google\/leadlovers\/","og_locale":"pt_PT","og_type":"article","og_title":"LeadLovers Como Funciona? Planos, Vale a pena? Veja por dentro","og_description":"LeadLovers - Como Funciona? Planos, Vale a pena? Veja por dentro ...\u00e9 poss\u00edvel automatizar campanhas ilimitadas de e-mails, Criar p\u00e1ginas, mkt .","og_url":"https:\/\/seligra.com.br\/google\/leadlovers\/","og_site_name":"F\u00e1bio SELIGRA","article_modified_time":"2023-11-09T22:13:40+00:00","og_image":[{"url":"https:\/\/seligra.com.br\/google\/wp-content\/uploads\/2023\/03\/LEAD-LOVER-900.jpg","type":"","width":"","height":""}],"twitter_card":"summary_large_image","twitter_misc":{"Tempo estimado de leitura":"1 minuto"},"schema":{"@context":"https:\/\/schema.org","@graph":[{"@type":"WebPage","@id":"https:\/\/seligra.com.br\/google\/leadlovers\/","url":"https:\/\/seligra.com.br\/google\/leadlovers\/","name":"LeadLovers Como Funciona? Planos, Vale a pena? Veja por dentro","isPartOf":{"@id":"https:\/\/seligra.com.br\/google\/#website"},"primaryImageOfPage":{"@id":"https:\/\/seligra.com.br\/google\/leadlovers\/#primaryimage"},"image":{"@id":"https:\/\/seligra.com.br\/google\/leadlovers\/#primaryimage"},"thumbnailUrl":"https:\/\/seligra.com.br\/google\/wp-content\/uploads\/2023\/03\/LEAD-LOVER-900.jpg","datePublished":"2023-03-03T18:18:43+00:00","dateModified":"2023-11-09T22:13:40+00:00","description":"LeadLovers - Como Funciona? Planos, Vale a pena? Veja por dentro ...\u00e9 poss\u00edvel automatizar campanhas ilimitadas de e-mails, Criar p\u00e1ginas, mkt .","breadcrumb":{"@id":"https:\/\/seligra.com.br\/google\/leadlovers\/#breadcrumb"},"inLanguage":"pt-PT","potentialAction":[{"@type":"ReadAction","target":["https:\/\/seligra.com.br\/google\/leadlovers\/"]}]},{"@type":"ImageObject","inLanguage":"pt-PT","@id":"https:\/\/seligra.com.br\/google\/leadlovers\/#primaryimage","url":"https:\/\/seligra.com.br\/google\/wp-content\/uploads\/2023\/03\/LEAD-LOVER-900.jpg","contentUrl":"https:\/\/seligra.com.br\/google\/wp-content\/uploads\/2023\/03\/LEAD-LOVER-900.jpg","width":900,"height":507},{"@type":"BreadcrumbList","@id":"https:\/\/seligra.com.br\/google\/leadlovers\/#breadcrumb","itemListElement":[{"@type":"ListItem","position":1,"name":"In\u00edcio","item":"https:\/\/seligra.com.br\/google\/"},{"@type":"ListItem","position":2,"name":"LeadLovers"}]},{"@type":"WebSite","@id":"https:\/\/seligra.com.br\/google\/#website","url":"https:\/\/seligra.com.br\/google\/","name":"F\u00e1bio SELIGRA","description":"Google ADS e Google SEO","potentialAction":[{"@type":"SearchAction","target":{"@type":"EntryPoint","urlTemplate":"https:\/\/seligra.com.br\/google\/?s={search_term_string}"},"query-input":{"@type":"PropertyValueSpecification","valueRequired":true,"valueName":"search_term_string"}}],"inLanguage":"pt-PT"}]}},"_links":{"self":[{"href":"https:\/\/seligra.com.br\/google\/wp-json\/wp\/v2\/pages\/770","targetHints":{"allow":["GET"]}}],"collection":[{"href":"https:\/\/seligra.com.br\/google\/wp-json\/wp\/v2\/pages"}],"about":[{"href":"https:\/\/seligra.com.br\/google\/wp-json\/wp\/v2\/types\/page"}],"author":[{"embeddable":true,"href":"https:\/\/seligra.com.br\/google\/wp-json\/wp\/v2\/users\/1"}],"replies":[{"embeddable":true,"href":"https:\/\/seligra.com.br\/google\/wp-json\/wp\/v2\/comments?post=770"}],"version-history":[{"count":7,"href":"https:\/\/seligra.com.br\/google\/wp-json\/wp\/v2\/pages\/770\/revisions"}],"predecessor-version":[{"id":1322,"href":"https:\/\/seligra.com.br\/google\/wp-json\/wp\/v2\/pages\/770\/revisions\/1322"}],"wp:attachment":[{"href":"https:\/\/seligra.com.br\/google\/wp-json\/wp\/v2\/media?parent=770"}],"curies":[{"name":"wp","href":"https:\/\/api.w.org\/{rel}","templated":true}]}}